{"id":7811,"date":"2023-06-04T01:55:07","date_gmt":"2023-06-04T01:55:07","guid":{"rendered":"https:\/\/greencardus.com.br\/?page_id=7811"},"modified":"2024-10-14T18:01:31","modified_gmt":"2024-10-14T18:01:31","slug":"green-cards","status":"publish","type":"page","link":"https:\/\/greencardus.com.br\/es\/green-cards\/","title":{"rendered":"Green Cards"},"content":{"rendered":"","protected":false},"excerpt":{"rendered":"","protected":false},"author":1,"featured_media":0,"parent":0,"menu_order":0,"comment_status":"closed","ping_status":"closed","template":"","meta":{"footnotes":""},"class_list":["post-7811","page","type-page","status-publish","hentry"],"yoast_head":"<!-- This site is optimized with the Yoast SEO plugin v27.4 - https:\/\/yoast.com\/product\/yoast-seo-wordpress\/ -->\n<title>Green Cards - Green Card US<\/title>\n<meta name=\"description\" content=\"Descubra as diversas categorias de Green Card dispon\u00edveis para resid\u00eancia permanente nos EUA. A Green Card US oferece orienta\u00e7\u00e3o especializada em EB-1A, EB-2 NIW, EB-2\/EB-3 com sponsor, EB-5 e Family Based. Realize seu sonho americano com a nossa ajuda.\" \/>\n<meta name=\"robots\" content=\"index, follow, max-snippet:-1, max-image-preview:large, max-video-preview:-1\" \/>\n<link rel=\"canonical\" href=\"https:\/\/greencardus.com.br\/es\/green-cards\/\" \/>\n<meta property=\"og:locale\" content=\"es_ES\" \/>\n<meta property=\"og:type\" content=\"article\" \/>\n<meta property=\"og:title\" content=\"Green Cards - Green Card US\" \/>\n<meta property=\"og:description\" content=\"Descubra as diversas categorias de Green Card dispon\u00edveis para resid\u00eancia permanente nos EUA. A Green Card US oferece orienta\u00e7\u00e3o especializada em EB-1A, EB-2 NIW, EB-2\/EB-3 com sponsor, EB-5 e Family Based. Realize seu sonho americano com a nossa ajuda.\" \/>\n<meta property=\"og:url\" content=\"https:\/\/greencardus.com.br\/es\/green-cards\/\" \/>\n<meta property=\"og:site_name\" content=\"Green Card US\" \/>\n<meta property=\"article:publisher\" content=\"https:\/\/www.facebook.com\/greencard.us1\" \/>\n<meta property=\"article:modified_time\" content=\"2024-10-14T18:01:31+00:00\" \/>\n<meta name=\"twitter:card\" content=\"summary_large_image\" \/>\n<meta name=\"twitter:label1\" content=\"Tiempo de lectura\" \/>\n\t<meta name=\"twitter:data1\" content=\"3 minutos\" \/>\n<script type=\"application\/ld+json\" class=\"yoast-schema-graph\">{\"@context\":\"https:\\\/\\\/schema.org\",\"@graph\":[{\"@type\":\"WebPage\",\"@id\":\"https:\\\/\\\/greencardus.com.br\\\/green-cards\\\/\",\"url\":\"https:\\\/\\\/greencardus.com.br\\\/green-cards\\\/\",\"name\":\"Green Cards - Green Card US\",\"isPartOf\":{\"@id\":\"https:\\\/\\\/greencardus.com.br\\\/#website\"},\"datePublished\":\"2023-06-04T01:55:07+00:00\",\"dateModified\":\"2024-10-14T18:01:31+00:00\",\"description\":\"Descubra as diversas categorias de Green Card dispon\u00edveis para resid\u00eancia permanente nos EUA. A Green Card US oferece orienta\u00e7\u00e3o especializada em EB-1A, EB-2 NIW, EB-2\\\/EB-3 com sponsor, EB-5 e Family Based. Realize seu sonho americano com a nossa ajuda.\",\"breadcrumb\":{\"@id\":\"https:\\\/\\\/greencardus.com.br\\\/green-cards\\\/#breadcrumb\"},\"inLanguage\":\"es\",\"potentialAction\":[{\"@type\":\"ReadAction\",\"target\":[\"https:\\\/\\\/greencardus.com.br\\\/green-cards\\\/\"]}]},{\"@type\":\"BreadcrumbList\",\"@id\":\"https:\\\/\\\/greencardus.com.br\\\/green-cards\\\/#breadcrumb\",\"itemListElement\":[{\"@type\":\"ListItem\",\"position\":1,\"name\":\"In\u00edcio\",\"item\":\"https:\\\/\\\/greencardus.com.br\\\/\"},{\"@type\":\"ListItem\",\"position\":2,\"name\":\"Green Cards\"}]},{\"@type\":\"WebSite\",\"@id\":\"https:\\\/\\\/greencardus.com.br\\\/#website\",\"url\":\"https:\\\/\\\/greencardus.com.br\\\/\",\"name\":\"Green Card US\",\"description\":\"Immigration Law Firm\",\"publisher\":{\"@id\":\"https:\\\/\\\/greencardus.com.br\\\/#organization\"},\"potentialAction\":[{\"@type\":\"SearchAction\",\"target\":{\"@type\":\"EntryPoint\",\"urlTemplate\":\"https:\\\/\\\/greencardus.com.br\\\/?s={search_term_string}\"},\"query-input\":{\"@type\":\"PropertyValueSpecification\",\"valueRequired\":true,\"valueName\":\"search_term_string\"}}],\"inLanguage\":\"es\"},{\"@type\":\"Organization\",\"@id\":\"https:\\\/\\\/greencardus.com.br\\\/#organization\",\"name\":\"Green Card US\",\"url\":\"https:\\\/\\\/greencardus.com.br\\\/\",\"logo\":{\"@type\":\"ImageObject\",\"inLanguage\":\"es\",\"@id\":\"https:\\\/\\\/greencardus.com.br\\\/#\\\/schema\\\/logo\\\/image\\\/\",\"url\":\"https:\\\/\\\/greencardus.com.br\\\/wp-content\\\/uploads\\\/2023\\\/08\\\/cropped-logo-greencardus.jpg\",\"contentUrl\":\"https:\\\/\\\/greencardus.com.br\\\/wp-content\\\/uploads\\\/2023\\\/08\\\/cropped-logo-greencardus.jpg\",\"width\":512,\"height\":512,\"caption\":\"Green Card US\"},\"image\":{\"@id\":\"https:\\\/\\\/greencardus.com.br\\\/#\\\/schema\\\/logo\\\/image\\\/\"},\"sameAs\":[\"https:\\\/\\\/www.facebook.com\\\/greencard.us1\",\"https:\\\/\\\/www.linkedin.com\\\/company\\\/green-card-us\",\"https:\\\/\\\/www.instagram.com\\\/greencard_us\\\/\"]}]}<\/script>\n<!-- \/ Yoast SEO plugin. -->","yoast_head_json":{"title":"Green Cards - Green Card US","description":"Descubra as diversas categorias de Green Card dispon\u00edveis para resid\u00eancia permanente nos EUA. A Green Card US oferece orienta\u00e7\u00e3o especializada em EB-1A, EB-2 NIW, EB-2\/EB-3 com sponsor, EB-5 e Family Based. Realize seu sonho americano com a nossa ajuda.","robots":{"index":"index","follow":"follow","max-snippet":"max-snippet:-1","max-image-preview":"max-image-preview:large","max-video-preview":"max-video-preview:-1"},"canonical":"https:\/\/greencardus.com.br\/es\/green-cards\/","og_locale":"es_ES","og_type":"article","og_title":"Green Cards - Green Card US","og_description":"Descubra as diversas categorias de Green Card dispon\u00edveis para resid\u00eancia permanente nos EUA. A Green Card US oferece orienta\u00e7\u00e3o especializada em EB-1A, EB-2 NIW, EB-2\/EB-3 com sponsor, EB-5 e Family Based. Realize seu sonho americano com a nossa ajuda.","og_url":"https:\/\/greencardus.com.br\/es\/green-cards\/","og_site_name":"Green Card US","article_publisher":"https:\/\/www.facebook.com\/greencard.us1","article_modified_time":"2024-10-14T18:01:31+00:00","twitter_card":"summary_large_image","twitter_misc":{"Tiempo de lectura":"3 minutos"},"schema":{"@context":"https:\/\/schema.org","@graph":[{"@type":"WebPage","@id":"https:\/\/greencardus.com.br\/green-cards\/","url":"https:\/\/greencardus.com.br\/green-cards\/","name":"Green Cards - Green Card US","isPartOf":{"@id":"https:\/\/greencardus.com.br\/#website"},"datePublished":"2023-06-04T01:55:07+00:00","dateModified":"2024-10-14T18:01:31+00:00","description":"Descubra as diversas categorias de Green Card dispon\u00edveis para resid\u00eancia permanente nos EUA. A Green Card US oferece orienta\u00e7\u00e3o especializada em EB-1A, EB-2 NIW, EB-2\/EB-3 com sponsor, EB-5 e Family Based. Realize seu sonho americano com a nossa ajuda.","breadcrumb":{"@id":"https:\/\/greencardus.com.br\/green-cards\/#breadcrumb"},"inLanguage":"es","potentialAction":[{"@type":"ReadAction","target":["https:\/\/greencardus.com.br\/green-cards\/"]}]},{"@type":"BreadcrumbList","@id":"https:\/\/greencardus.com.br\/green-cards\/#breadcrumb","itemListElement":[{"@type":"ListItem","position":1,"name":"In\u00edcio","item":"https:\/\/greencardus.com.br\/"},{"@type":"ListItem","position":2,"name":"Green Cards"}]},{"@type":"WebSite","@id":"https:\/\/greencardus.com.br\/#website","url":"https:\/\/greencardus.com.br\/","name":"Green Card US","description":"Immigration Law Firm","publisher":{"@id":"https:\/\/greencardus.com.br\/#organization"},"potentialAction":[{"@type":"SearchAction","target":{"@type":"EntryPoint","urlTemplate":"https:\/\/greencardus.com.br\/?s={search_term_string}"},"query-input":{"@type":"PropertyValueSpecification","valueRequired":true,"valueName":"search_term_string"}}],"inLanguage":"es"},{"@type":"Organization","@id":"https:\/\/greencardus.com.br\/#organization","name":"Green Card US","url":"https:\/\/greencardus.com.br\/","logo":{"@type":"ImageObject","inLanguage":"es","@id":"https:\/\/greencardus.com.br\/#\/schema\/logo\/image\/","url":"https:\/\/greencardus.com.br\/wp-content\/uploads\/2023\/08\/cropped-logo-greencardus.jpg","contentUrl":"https:\/\/greencardus.com.br\/wp-content\/uploads\/2023\/08\/cropped-logo-greencardus.jpg","width":512,"height":512,"caption":"Green Card US"},"image":{"@id":"https:\/\/greencardus.com.br\/#\/schema\/logo\/image\/"},"sameAs":["https:\/\/www.facebook.com\/greencard.us1","https:\/\/www.linkedin.com\/company\/green-card-us","https:\/\/www.instagram.com\/greencard_us\/"]}]}},"_links":{"self":[{"href":"https:\/\/greencardus.com.br\/es\/wp-json\/wp\/v2\/pages\/7811","targetHints":{"allow":["GET"]}}],"collection":[{"href":"https:\/\/greencardus.com.br\/es\/wp-json\/wp\/v2\/pages"}],"about":[{"href":"https:\/\/greencardus.com.br\/es\/wp-json\/wp\/v2\/types\/page"}],"author":[{"embeddable":true,"href":"https:\/\/greencardus.com.br\/es\/wp-json\/wp\/v2\/users\/1"}],"replies":[{"embeddable":true,"href":"https:\/\/greencardus.com.br\/es\/wp-json\/wp\/v2\/comments?post=7811"}],"version-history":[{"count":6,"href":"https:\/\/greencardus.com.br\/es\/wp-json\/wp\/v2\/pages\/7811\/revisions"}],"predecessor-version":[{"id":9524,"href":"https:\/\/greencardus.com.br\/es\/wp-json\/wp\/v2\/pages\/7811\/revisions\/9524"}],"wp:attachment":[{"href":"https:\/\/greencardus.com.br\/es\/wp-json\/wp\/v2\/media?parent=7811"}],"curies":[{"name":"wp","href":"https:\/\/api.w.org\/{rel}","templated":true}]}}